{"id":2206,"date":"2022-10-25T01:42:12","date_gmt":"2022-10-25T01:42:12","guid":{"rendered":"https:\/\/demo2wpopal.b-cdn.net\/maisonco\/?page_id=2206"},"modified":"2024-11-20T09:17:47","modified_gmt":"2024-11-20T09:17:47","slug":"home-8","status":"publish","type":"page","link":"https:\/\/lascasastenerifesales.com\/es\/","title":{"rendered":"Home 8"},"content":{"rendered":"<style>\/*! elementor - v3.14.0 - 26-06-2023 *\/\n.elementor-column .elementor-spacer-inner{height:var(--spacer-size)}.e-con{--container-widget-width:100%}.e-con-inner>.elementor-widget-spacer,.e-con>.elementor-widget-spacer{width:var(--container-widget-width,var(--spacer-size));--align-self:var(--container-widget-align-self,initial);--flex-shrink:0}.e-con-inner>.elementor-widget-spacer>.elementor-widget-container,.e-con-inner>.elementor-widget-spacer>.elementor-widget-container>.elementor-spacer,.e-con>.elementor-widget-spacer>.elementor-widget-container,.e-con>.elementor-widget-spacer>.elementor-widget-container>.elementor-spacer{height:100%}.e-con-inner>.elementor-widget-spacer>.elementor-widget-container>.elementor-spacer>.elementor-spacer-inner,.e-con>.elementor-widget-spacer>.elementor-widget-container>.elementor-spacer>.elementor-spacer-inner{height:var(--container-widget-height,var(--spacer-size))}<\/style>\n<p style=\"text-align: center;\">LAS CASAS TENERIFE\u00a0<\/p>\n<style>\/*! elementor - v3.14.0 - 26-06-2023 *\/\n.elementor-heading-title{padding:0;margin:0;line-height:1}.elementor-widget-heading .elementor-heading-title[class*=elementor-size-]>a{color:inherit;font-size:inherit;line-height:inherit}.elementor-widget-heading .elementor-heading-title.elementor-size-small{font-size:15px}.elementor-widget-heading .elementor-heading-title.elementor-size-medium{font-size:19px}.elementor-widget-heading .elementor-heading-title.elementor-size-large{font-size:29px}.elementor-widget-heading .elementor-heading-title.elementor-size-xl{font-size:39px}.elementor-widget-heading .elementor-heading-title.elementor-size-xxl{font-size:59px}<\/style>\n<h3>EXCLUSIVE VILLAS<br \/>\nand THE LIFESTYLE<\/h3>\n<p>Discover unparalleled luxury in Tenerife&#8217;s prestigious areas with our magnificent villas.\u00a0With captivating, unobstructed ocean views, these villas blend exclusivity with accessibility, being\u00a0just a 10-15 minute walk from elite entertainment, shops, and other amendments.\u00a0<\/p>\n<style>\/*! elementor - v3.14.0 - 26-06-2023 *\/\n.elementor-widget-image{text-align:center}.elementor-widget-image a{display:inline-block}.elementor-widget-image a img[src$=\".svg\"]{width:48px}.elementor-widget-image img{vertical-align:middle;display:inline-block}<\/style>\n<p>\t\t\t\t\t\t\t\t\t\t\t\t<img decoding=\"async\" width=\"200\" height=\"63\" src=\"https:\/\/lascasastenerifesales.com\/wp-content\/uploads\/2024\/03\/Untitled-e1711405540455.png\" alt=\"\" loading=\"lazy\" \/>\t\t\t\t\t\t\t\t\t\t\t\t\t\t\t<\/p>\n<h3>Encuentra tu ajuste<\/h3>\n<article \">\n        <a href=\"\/larosa\/\" style=\"z-index: 2;\"><br \/>\n            <img width=\"600\" height=\"390\" src=\"https:\/\/lascasastenerifesales.com\/wp-content\/uploads\/2024\/03\/La-Rosa-House-Facade-Terrace-View-1-600x390.jpg\" alt=\"\" decoding=\"async\" loading=\"lazy\" \/>        <\/a><br \/>\n    <!-- .post-thumbnail --><\/p>\n<h3><a href=\"\/larosa\/\" rel=\"bookmark\">La Rosa De los Vientos<\/a><\/h3>\n<p>        7 Bedrooms9 bathroom3 Floor<br \/>\n            <a href=\"\/larosa\/\">Explore<\/a><br \/>\n<\/article>\n<p><!-- #post-## --><\/p>\n<article \">\n        <a href=\"\/santamaria\/\" style=\"z-index: 2;\"><br \/>\n            <img width=\"600\" height=\"390\" src=\"https:\/\/lascasastenerifesales.com\/wp-content\/uploads\/2024\/03\/Maria-House-View-2-1-2-600x390.jpg\" alt=\"\" decoding=\"async\" loading=\"lazy\" \/>        <\/a><br \/>\n    <!-- .post-thumbnail --><\/p>\n<h3><a href=\"\/santamaria\/\" rel=\"bookmark\">Villa Santa Maria<\/a><\/h3>\n<p>        5 Bedrooms4 bathroom2 Floor<br \/>\n            <a href=\"\/santamaria\/\">Explore<\/a><br \/>\n<\/article>\n<p><!-- #post-## --><\/p>\n<article \">\n        <a href=\"\/white-whale\/\" style=\"z-index: 2;\"><br \/>\n            <img width=\"600\" height=\"390\" src=\"https:\/\/lascasastenerifesales.com\/wp-content\/uploads\/2018\/12\/g_zo5U4A-600x390.jpeg\" alt=\"\" decoding=\"async\" loading=\"lazy\" \/>        <\/a><br \/>\n    <!-- .post-thumbnail --><\/p>\n<h3><a href=\"\/white-whale\/\" rel=\"bookmark\">Villa White Whale<\/a><\/h3>\n<p>        3 Bedrooms3 bathroom2 Floor<br \/>\n            <a href=\"\/white-whale\/\">Explore<\/a><br \/>\n<\/article>\n<p><!-- #post-## --><\/p>\n<h3>OUR VILLAS COME WITH<\/h3>\n<link rel=\"stylesheet\" href=\"https:\/\/lascasastenerifesales.com\/wp-content\/plugins\/elementor\/assets\/css\/widget-icon-box.min.css\">\n<h3>\n\t\t\t\t\t\tSwimming pool<br \/>\n\t\t\t\t<\/h3>\n<p>\n\t\t\t\t\t\tAll our villas have large and cozy pools with jacuzzi\t\t\t\t\t<\/p>\n<h3>\n\t\t\t\t\t\tFully furnished<br \/>\n\t\t\t\t<\/h3>\n<p>\n\t\t\t\t\t\tFully furnished and the highest quality equipment\t\t\t\t\t<\/p>\n<h3>\n\t\t\t\t\t\tGarage Parking<br \/>\n\t\t\t\t<\/h3>\n<p>\n\t\t\t\t\t\tLarge and comfortable parking for several cars\t\t\t\t\t<\/p>\n<h3>\n\t\t\t\t\t\tGYM &#038; SPA<br \/>\n\t\t\t\t<\/h3>\n<p>\n\t\t\t\t\t\tRelaxing and active amendments \t\t\t\t\t<\/p>\n<h2>villas PLANS<\/h2>\n<style>\/*! elementor - v3.14.0 - 26-06-2023 *\/\n.elementor-widget-tabs.elementor-tabs-view-vertical .elementor-tabs-wrapper{width:25%;flex-shrink:0}.elementor-widget-tabs.elementor-tabs-view-vertical .elementor-tab-desktop-title.elementor-active{border-right-style:none}.elementor-widget-tabs.elementor-tabs-view-vertical .elementor-tab-desktop-title.elementor-active:after,.elementor-widget-tabs.elementor-tabs-view-vertical .elementor-tab-desktop-title.elementor-active:before{height:999em;width:0;right:0;border-right-style:solid}.elementor-widget-tabs.elementor-tabs-view-vertical .elementor-tab-desktop-title.elementor-active:before{top:0;transform:translateY(-100%)}.elementor-widget-tabs.elementor-tabs-view-vertical .elementor-tab-desktop-title.elementor-active:after{top:100%}.elementor-widget-tabs.elementor-tabs-view-horizontal .elementor-tab-desktop-title{display:table-cell}.elementor-widget-tabs.elementor-tabs-view-horizontal .elementor-tab-desktop-title.elementor-active{border-bottom-style:none}.elementor-widget-tabs.elementor-tabs-view-horizontal .elementor-tab-desktop-title.elementor-active:after,.elementor-widget-tabs.elementor-tabs-view-horizontal .elementor-tab-desktop-title.elementor-active:before{bottom:0;height:0;width:999em;border-bottom-style:solid}.elementor-widget-tabs.elementor-tabs-view-horizontal .elementor-tab-desktop-title.elementor-active:before{right:100%}.elementor-widget-tabs.elementor-tabs-view-horizontal .elementor-tab-desktop-title.elementor-active:after{left:100%}.elementor-widget-tabs .elementor-tab-content,.elementor-widget-tabs .elementor-tab-title,.elementor-widget-tabs .elementor-tab-title:after,.elementor-widget-tabs .elementor-tab-title:before,.elementor-widget-tabs .elementor-tabs-content-wrapper{border:1px #d5d8dc}.elementor-widget-tabs .elementor-tabs{text-align:left}.elementor-widget-tabs .elementor-tabs-wrapper{overflow:hidden}.elementor-widget-tabs .elementor-tab-title{cursor:pointer;outline:var(--focus-outline,none)}.elementor-widget-tabs .elementor-tab-desktop-title{position:relative;padding:20px 25px;font-weight:700;line-height:1;border:solid transparent}.elementor-widget-tabs .elementor-tab-desktop-title.elementor-active{border-color:#d5d8dc}.elementor-widget-tabs .elementor-tab-desktop-title.elementor-active:after,.elementor-widget-tabs .elementor-tab-desktop-title.elementor-active:before{display:block;content:\"\";position:absolute}.elementor-widget-tabs .elementor-tab-desktop-title:focus-visible{border:1px solid #000}.elementor-widget-tabs .elementor-tab-mobile-title{padding:10px;cursor:pointer}.elementor-widget-tabs .elementor-tab-content{padding:20px;display:none}@media (max-width:767px){.elementor-tabs .elementor-tab-content,.elementor-tabs .elementor-tab-title{border-style:solid solid none}.elementor-tabs .elementor-tabs-wrapper{display:none}.elementor-tabs .elementor-tabs-content-wrapper{border-bottom-style:solid}.elementor-tabs .elementor-tab-content{padding:10px}}@media (min-width:768px){.elementor-widget-tabs.elementor-tabs-view-vertical .elementor-tabs{display:flex}.elementor-widget-tabs.elementor-tabs-view-vertical .elementor-tabs-wrapper{flex-direction:column}.elementor-widget-tabs.elementor-tabs-view-vertical .elementor-tabs-content-wrapper{flex-grow:1;border-style:solid solid solid none}.elementor-widget-tabs.elementor-tabs-view-horizontal .elementor-tab-content{border-style:none solid solid}.elementor-widget-tabs.elementor-tabs-alignment-center .elementor-tabs-wrapper,.elementor-widget-tabs.elementor-tabs-alignment-end .elementor-tabs-wrapper,.elementor-widget-tabs.elementor-tabs-alignment-stretch .elementor-tabs-wrapper{display:flex}.elementor-widget-tabs.elementor-tabs-alignment-center .elementor-tabs-wrapper{justify-content:center}.elementor-widget-tabs.elementor-tabs-alignment-end .elementor-tabs-wrapper{justify-content:flex-end}.elementor-widget-tabs.elementor-tabs-alignment-stretch.elementor-tabs-view-horizontal .elementor-tab-title{width:100%}.elementor-widget-tabs.elementor-tabs-alignment-stretch.elementor-tabs-view-vertical .elementor-tab-title{height:100%}.elementor-tabs .elementor-tab-mobile-title{display:none}}<\/style>\n<p>                                    La Rosa de Los Vientos<br \/>\n                                    Villa Santa Maria<br \/>\n                                    Villa White Whale<\/p>\n<section data-id=\"5938d3a\" data-element_type=\"section\">\nThis luxury villa has 7 bedrooms and 9 bathrooms, internal and 1 exterior kitchen. An internal spa area with Sauna, Steam room, Cold pool. An exterior Olympic-sized pool and jacuzzi, Outside gym area,\u00a0 and a Russian billiards terrace and a cozy Outdoor cinema.<\/p>\n<ul>\n<li>FLOORS \u2116<br \/>\n3<\/li>\n<li>BEDROOMS<br \/>\n7<\/li>\n<li>TOTAL AREA, SQ.M.<br \/>\n3270<\/li>\n<li>PARKING<br \/>\nYES<\/li>\n<li>PRICE<br \/>\n$3058\/m2<\/li>\n<\/ul>\n<p><a role=\"button\" href=\"#opal-contactform-popup-7114db4\" data-effect=\"mfp-zoom-in\"><br \/>\nSchedule a visit<br \/>\n<\/a><br \/>\nSchedule a Visit<\/p>\n<p role=\"status\" aria-live=\"polite\" aria-atomic=\"true\">\n<ul><\/ul>\n<form action=\"\/#wpcf7-f5116-p168-o3\" method=\"post\" novalidate=\"novalidate\" data-status=\"init\">\n<input name=\"_wpcf7\" type=\"hidden\" value=\"5116\" \/><br \/>\n<input name=\"_wpcf7_version\" type=\"hidden\" value=\"5.6.4\" \/><br \/>\n<input name=\"_wpcf7_locale\" type=\"hidden\" value=\"en_US\" \/><br \/>\n<input name=\"_wpcf7_unit_tag\" type=\"hidden\" value=\"wpcf7-f5116-p168-o3\" \/><br \/>\n<input name=\"_wpcf7_container_post\" type=\"hidden\" value=\"168\" \/><br \/>\n<input name=\"_wpcf7_posted_data_hash\" type=\"hidden\" value=\"\" \/><br \/>\n<input name=\"your-name\" size=\"40\" type=\"text\" value=\"\" placeholder=\"Your Name\" aria-required=\"true\" aria-invalid=\"false\" \/><br \/>\n<input name=\"your-email\" size=\"40\" type=\"email\" value=\"\" placeholder=\"Your Email\" aria-required=\"true\" aria-invalid=\"false\" \/><br \/>\n<input name=\"your-date\" type=\"date\" value=\"\" placeholder=\"Date\" aria-required=\"true\" aria-invalid=\"false\" \/><br \/>\n<input name=\"your-phone\" size=\"40\" type=\"text\" value=\"\" placeholder=\"Phone Number\" aria-required=\"true\" aria-invalid=\"false\" \/><br \/>\n<textarea cols=\"20\" name=\"your-message\" rows=\"5\" placeholder=\"Your Message\" aria-invalid=\"false\"><\/textarea><br \/>\n<input type=\"submit\" value=\"Submit\" \/><\/p>\n<p style=\"display: none !important;\"><label>\u0394<textarea cols=\"45\" maxlength=\"100\" name=\"_wpcf7_ak_hp_textarea\" rows=\"8\"><\/textarea><\/label><input id=\"ak_js_3\" name=\"_wpcf7_ak_js\" type=\"hidden\" value=\"1711193827231\" \/><\/p>\n<\/form>\n<p><img loading=\"lazy\" decoding=\"async\" src=\"http:\/\/lascasastenerifesales.com\/wp-content\/uploads\/2024\/03\/1-1024x967.png\" alt=\"\" width=\"600\" height=\"567\" \/><br \/>\n<\/section>\n<section data-id=\"5938d3a\" data-element_type=\"section\">A unique colonial mansion with 5 bedrooms and 4 bathrooms, fully equiped kitchen. An internal spa area with Sauna, Steam room and massage. A pool with jacuzzi and an outdoor cinema.\u00a0<\/p>\n<ul>\n<li>FLOORS \u2116<br \/>2<\/li>\n<li>BEDROOMS<br \/>5<\/li>\n<li>TOTAL AREA, SQ.M.<br \/>1164<\/li>\n<li>PARKING<br \/>YES<\/li>\n<li>PRICE<br \/>$2570\/m2<\/li>\n<\/ul>\n<p><a role=\"button\" href=\"#opal-contactform-popup-7114db4\" data-effect=\"mfp-zoom-in\"><br \/>Schedule a visit<\/p>\n<p><\/a>Schedule a Visit<\/p>\n<p role=\"status\" aria-live=\"polite\" aria-atomic=\"true\">\u00a0<\/p>\n<form action=\"\/maisonco\/home-3\/#wpcf7-f1002-p168-o3\" method=\"post\" novalidate=\"novalidate\" data-status=\"init\"><input name=\"_wpcf7\" type=\"hidden\" value=\"1002\" \/><br \/><input name=\"_wpcf7_version\" type=\"hidden\" value=\"5.6.4\" \/><br \/><input name=\"_wpcf7_locale\" type=\"hidden\" value=\"en_US\" \/><br \/><input name=\"_wpcf7_unit_tag\" type=\"hidden\" value=\"wpcf7-f1002-p168-o3\" \/><br \/><input name=\"_wpcf7_container_post\" type=\"hidden\" value=\"168\" \/><br \/><input name=\"_wpcf7_posted_data_hash\" type=\"hidden\" value=\"\" \/><input name=\"your-name\" size=\"40\" type=\"text\" value=\"\" placeholder=\"Your Name\" aria-required=\"true\" aria-invalid=\"false\" \/><input name=\"your-email\" size=\"40\" type=\"email\" value=\"\" placeholder=\"Your Email\" aria-required=\"true\" aria-invalid=\"false\" \/><input name=\"your-date\" type=\"date\" value=\"\" placeholder=\"Date\" aria-required=\"true\" aria-invalid=\"false\" \/><input name=\"your-phone\" size=\"40\" type=\"text\" value=\"\" placeholder=\"Phone Number\" aria-required=\"true\" aria-invalid=\"false\" \/><textarea cols=\"20\" name=\"your-message\" rows=\"5\" placeholder=\"Your Message\" aria-invalid=\"false\"><\/textarea><input type=\"submit\" value=\"Submit\" \/><\/p>\n<p style=\"display: none !important;\"><label>\u0394<textarea cols=\"45\" maxlength=\"100\" name=\"_wpcf7_ak_hp_textarea\" rows=\"8\"><\/textarea><\/label><input id=\"ak_js_3\" name=\"_wpcf7_ak_js\" type=\"hidden\" value=\"1711193827231\" \/><\/p>\n<p>\u00a0<\/p><\/form>\n<p><a href=\"http:\/\/lascasastenerifesales.com\/wp-content\/uploads\/2024\/03\/1-4.png\"><img loading=\"lazy\" decoding=\"async\" src=\"http:\/\/lascasastenerifesales.com\/wp-content\/uploads\/2024\/03\/1-4.png\" alt=\"\" width=\"600\" height=\"413\" \/><\/a><\/section>\n<section data-id=\"5938d3a\" data-element_type=\"section\">A modern elegant villa\u00a0with 3 bedrooms and 3 bathrooms, fully equipped kitchen. An internal spa area with Sauna, Steam room and massage. A pool with jacuzzi.\u00a0<\/p>\n<ul>\n<li>FLOORS \u2116<br \/>2<\/li>\n<li>BEDROOMS<br \/>3<\/li>\n<li>TOTAL AREA, SQ.M.<br \/>378.10<\/li>\n<li>PARKING<br \/>YES<\/li>\n<li>PRICE<br \/>$6613\/m2<\/li>\n<\/ul>\n<p><a role=\"button\" href=\"#opal-contactform-popup-7114db4\" data-effect=\"mfp-zoom-in\"><br \/>Schedule a visit<br \/><\/a>Schedule a Visit<\/p>\n<p role=\"status\" aria-live=\"polite\" aria-atomic=\"true\">\u00a0<\/p>\n<form action=\"\/maisonco\/home-3\/#wpcf7-f1002-p168-o3\" method=\"post\" novalidate=\"novalidate\" data-status=\"init\"><input name=\"_wpcf7\" type=\"hidden\" value=\"1002\" \/><br \/><input name=\"_wpcf7_version\" type=\"hidden\" value=\"5.6.4\" \/><br \/><input name=\"_wpcf7_locale\" type=\"hidden\" value=\"en_US\" \/><br \/><input name=\"_wpcf7_unit_tag\" type=\"hidden\" value=\"wpcf7-f1002-p168-o3\" \/><br \/><input name=\"_wpcf7_container_post\" type=\"hidden\" value=\"168\" \/><br \/><input name=\"_wpcf7_posted_data_hash\" type=\"hidden\" value=\"\" \/><input name=\"your-name\" size=\"40\" type=\"text\" value=\"\" placeholder=\"Your Name\" aria-required=\"true\" aria-invalid=\"false\" \/><input name=\"your-email\" size=\"40\" type=\"email\" value=\"\" placeholder=\"Your Email\" aria-required=\"true\" aria-invalid=\"false\" \/><input name=\"your-date\" type=\"date\" value=\"\" placeholder=\"Date\" aria-required=\"true\" aria-invalid=\"false\" \/><input name=\"your-phone\" size=\"40\" type=\"text\" value=\"\" placeholder=\"Phone Number\" aria-required=\"true\" aria-invalid=\"false\" \/><textarea cols=\"20\" name=\"your-message\" rows=\"5\" placeholder=\"Your Message\" aria-invalid=\"false\"><\/textarea><input type=\"submit\" value=\"Submit\" \/><\/p>\n<p style=\"display: none !important;\"><label>\u0394<textarea cols=\"45\" maxlength=\"100\" name=\"_wpcf7_ak_hp_textarea\" rows=\"8\"><\/textarea><\/label><input id=\"ak_js_3\" name=\"_wpcf7_ak_js\" type=\"hidden\" value=\"1711193827231\" \/><\/p>\n<p>\u00a0<\/p><\/form>\n<p><a href=\"http:\/\/lascasastenerifesales.com\/wp-content\/uploads\/2024\/03\/1-5.png\"><img loading=\"lazy\" decoding=\"async\" src=\"http:\/\/lascasastenerifesales.com\/wp-content\/uploads\/2024\/03\/1-5-248x300.png\" alt=\"\" width=\"414\" height=\"500\" \/><\/a><\/section>\n<p>BARRIO.<\/p>\n<h3>eche un vistazo<br \/>\nalrededor<\/h3>\n<p>\t\tTenerife es la isla de las mil experiencias. Hay mil cosas que puedes hacer en cualquier \u00e9poca del a\u00f1o, gracias al clima templado y la enorme oferta de actividades que se ofrecen en la mayor de las Islas Canarias. <\/p>\n<p>La isla tiene una amplia gama de actividades para ofrecer, y debido a su geograf\u00eda \u00fanica, no solo debes disfrutar de las playas, sino tambi\u00e9n de sus altas monta\u00f1as y parques nacionales. Para aquellos que buscan actividades de alta acci\u00f3n e infundidas de adrenalina, Tenerife es el lugar ideal.<br \/>\n            <img width=\"1368\" height=\"628\" src=\"https:\/\/lascasastenerifesales.com\/wp-content\/uploads\/2024\/03\/Puerto-De-La-379984513.jpg\" alt=\"\" decoding=\"async\" loading=\"lazy\" srcset=\"https:\/\/lascasastenerifesales.com\/wp-content\/uploads\/2024\/03\/Puerto-De-La-379984513.jpg 1368w, https:\/\/lascasastenerifesales.com\/wp-content\/uploads\/2024\/03\/Puerto-De-La-379984513-300x138.jpg 300w, https:\/\/lascasastenerifesales.com\/wp-content\/uploads\/2024\/03\/Puerto-De-La-379984513-1024x470.jpg 1024w, https:\/\/lascasastenerifesales.com\/wp-content\/uploads\/2024\/03\/Puerto-De-La-379984513-768x353.jpg 768w, https:\/\/lascasastenerifesales.com\/wp-content\/uploads\/2024\/03\/Puerto-De-La-379984513-400x184.jpg 400w\" sizes=\"auto, (max-width: 1368px) 100vw, 1368px\" \/><br \/>\n                                        Estilo de Vida de Lujo<br \/>\n            <img width=\"888\" height=\"500\" src=\"https:\/\/lascasastenerifesales.com\/wp-content\/uploads\/2024\/03\/teide-al-atardecer.jpg\" alt=\"\" decoding=\"async\" loading=\"lazy\" srcset=\"https:\/\/lascasastenerifesales.com\/wp-content\/uploads\/2024\/03\/teide-al-atardecer.jpg 888w, https:\/\/lascasastenerifesales.com\/wp-content\/uploads\/2024\/03\/teide-al-atardecer-300x169.jpg 300w, https:\/\/lascasastenerifesales.com\/wp-content\/uploads\/2024\/03\/teide-al-atardecer-768x432.jpg 768w, https:\/\/lascasastenerifesales.com\/wp-content\/uploads\/2024\/03\/teide-al-atardecer-400x225.jpg 400w\" sizes=\"auto, (max-width: 888px) 100vw, 888px\" \/><br \/>\n                                        Parque Nacional del Teide<br \/>\n            <img width=\"898\" height=\"637\" src=\"https:\/\/lascasastenerifesales.com\/wp-content\/uploads\/2024\/03\/44e.png\" alt=\"\" decoding=\"async\" loading=\"lazy\" srcset=\"https:\/\/lascasastenerifesales.com\/wp-content\/uploads\/2024\/03\/44e.png 898w, https:\/\/lascasastenerifesales.com\/wp-content\/uploads\/2024\/03\/44e-300x213.png 300w, https:\/\/lascasastenerifesales.com\/wp-content\/uploads\/2024\/03\/44e-768x545.png 768w, https:\/\/lascasastenerifesales.com\/wp-content\/uploads\/2024\/03\/44e-400x284.png 400w\" sizes=\"auto, (max-width: 898px) 100vw, 898px\" \/><br \/>\n                                        Playas encantadoras<br \/>\n            <img width=\"961\" height=\"723\" src=\"https:\/\/lascasastenerifesales.com\/wp-content\/uploads\/2024\/03\/sc.png\" alt=\"\" decoding=\"async\" loading=\"lazy\" srcset=\"https:\/\/lascasastenerifesales.com\/wp-content\/uploads\/2024\/03\/sc.png 961w, https:\/\/lascasastenerifesales.com\/wp-content\/uploads\/2024\/03\/sc-300x226.png 300w, https:\/\/lascasastenerifesales.com\/wp-content\/uploads\/2024\/03\/sc-768x578.png 768w, https:\/\/lascasastenerifesales.com\/wp-content\/uploads\/2024\/03\/sc-400x301.png 400w\" sizes=\"auto, (max-width: 961px) 100vw, 961px\" \/><br \/>\n                                        Todos los servicios cercanos<br \/>\n            <img width=\"1308\" height=\"782\" src=\"https:\/\/lascasastenerifesales.com\/wp-content\/uploads\/2024\/03\/vulcanic.png\" alt=\"\" decoding=\"async\" loading=\"lazy\" srcset=\"https:\/\/lascasastenerifesales.com\/wp-content\/uploads\/2024\/03\/vulcanic.png 1308w, https:\/\/lascasastenerifesales.com\/wp-content\/uploads\/2024\/03\/vulcanic-300x179.png 300w, https:\/\/lascasastenerifesales.com\/wp-content\/uploads\/2024\/03\/vulcanic-1024x612.png 1024w, https:\/\/lascasastenerifesales.com\/wp-content\/uploads\/2024\/03\/vulcanic-768x459.png 768w, https:\/\/lascasastenerifesales.com\/wp-content\/uploads\/2024\/03\/vulcanic-400x239.png 400w\" sizes=\"auto, (max-width: 1308px) 100vw, 1308px\" \/><br \/>\n                                        Playas volc\u00e1nicas \u00e9picas<\/p>\n","protected":false},"excerpt":{"rendered":"<p>LAS CASAS TENERIFE\u00a0 EXCLUSIVE VILLAS and THE LIFESTYLE Discover unparalleled luxury in Tenerife&#8217;s prestigious areas with our magnificent villas.\u00a0With captivating, unobstructed ocean views, these villas blend exclusivity with accessibility, being\u00a0just a 10-15 minute walk from elite entertainment, shops, and other amendments.\u00a0 Encuentra tu ajuste<\/p>\n","protected":false},"author":1,"featured_media":0,"parent":0,"menu_order":0,"comment_status":"closed","ping_status":"closed","template":"page-elementor.php","meta":{"inline_featured_image":false,"footnotes":""},"class_list":["post-2206","page","type-page","status-publish","hentry"],"translation":{"provider":"WPGlobus","version":"2.12.2","language":"es","enabled_languages":["en","es"],"languages":{"en":{"title":true,"content":true,"excerpt":false},"es":{"title":true,"content":true,"excerpt":false}}},"_links":{"self":[{"href":"https:\/\/lascasastenerifesales.com\/es\/wp-json\/wp\/v2\/pages\/2206","targetHints":{"allow":["GET"]}}],"collection":[{"href":"https:\/\/lascasastenerifesales.com\/es\/wp-json\/wp\/v2\/pages"}],"about":[{"href":"https:\/\/lascasastenerifesales.com\/es\/wp-json\/wp\/v2\/types\/page"}],"author":[{"embeddable":true,"href":"https:\/\/lascasastenerifesales.com\/es\/wp-json\/wp\/v2\/users\/1"}],"replies":[{"embeddable":true,"href":"https:\/\/lascasastenerifesales.com\/es\/wp-json\/wp\/v2\/comments?post=2206"}],"version-history":[{"count":290,"href":"https:\/\/lascasastenerifesales.com\/es\/wp-json\/wp\/v2\/pages\/2206\/revisions"}],"predecessor-version":[{"id":6402,"href":"https:\/\/lascasastenerifesales.com\/es\/wp-json\/wp\/v2\/pages\/2206\/revisions\/6402"}],"wp:attachment":[{"href":"https:\/\/lascasastenerifesales.com\/es\/wp-json\/wp\/v2\/media?parent=2206"}],"curies":[{"name":"wp","href":"https:\/\/api.w.org\/{rel}","templated":true}]}}